{"id":281,"date":"2023-02-01T16:21:33","date_gmt":"2023-02-01T15:21:33","guid":{"rendered":"https:\/\/www.allforperfusion.de\/impressum\/"},"modified":"2024-06-18T15:51:22","modified_gmt":"2024-06-18T13:51:22","slug":"impressum","status":"publish","type":"page","link":"https:\/\/www.allforperfusion.de\/en\/impressum\/","title":{"rendered":"Site Notice"},"content":{"rendered":"\n<p><strong>ALL FOR PERFUSION GmbH<\/strong><br>Konrad-Zuse-Ring 14a<br>41179 M\u00f6nchengladbach<\/p>\n\n\n\n<p><strong>Represented by:<\/strong><br>Gesch\u00e4ftsf\u00fchrung:<br>Olaf Sillmann, Sebastian Walter<\/p>\n\n\n\n<p>Registered office of the company: 41179 M\u00f6nchengladbach<br>Local court M\u00f6nchengladbach HRB 22275<\/p>\n\n\n\n<h5 class=\"wp-block-heading has-blue-color has-text-color\">Contact<\/h5>\n\n\n\n<p>Telefon: +49 2161 49668 35<br>E-Mail: <a href=\"mailto:mail@allforperfusion.de\" target=\"_blank\" rel=\"noreferrer noopener\">mail@allforperfusion.de<\/a><\/p>\n\n\n\n<h5 class=\"wp-block-heading has-blue-color has-text-color\">Person responsible for editorial<\/h5>\n\n\n\n<p><strong>ALL FOR PERFUSION GmbH i. G.<\/strong><br>Konrad-Zuse-Ring 14a<br>41179 M\u00f6nchengladbach<\/p>\n\n\n\n<h5 class=\"wp-block-heading has-blue-color has-text-color\">EU dispute resolution<\/h5>\n\n\n\n<p>The European Commission provides a platform for online dispute resolution (ODR): <a rel=\"noopener noreferrer\" href=\"https:\/\/ec.europa.eu\/consumers\/odr\/\" target=\"_blank\">https:\/\/ec.europa.eu\/consumers\/odr\/<\/a>.<br>Our e-mail address can be found above in the site notice.<\/p>\n\n\n\n<h5 class=\"wp-block-heading has-blue-color has-text-color\">Dispute resolution proceedings in front of a consumer arbitration board<\/h5>\n\n\n\n<p>We are not willing or obliged to participate in dispute resolution proceedings in front of a consumer arbitration board.<\/p>\n\n\n\n<h5 class=\"wp-block-heading has-blue-color has-text-color\">Design and technical implementation<\/h5>\n\n\n\n<p>SGP GmbH<br><a rel=\"noreferrer noopener\" href=\"https:\/\/www.sgp.de\" target=\"_blank\">www.sgp.de<\/a><\/p>\n\n\n\n<h5 class=\"wp-block-heading has-blue-color has-text-color\">Image material<\/h5>\n\n\n\n<p>ALL FOR PERFUSION<br>Adobe Stock<\/p>\n\n\n\n<hr class=\"wp-block-separator has-alpha-channel-opacity\"\/>\n\n\n\n<p><strong>This site notice also applies to the following online presence:<\/strong><\/p>\n\n\n\n<p>LinkedIn: <a href=\"https:\/\/www.linkedin.com\/company\/all-for-perfusion\" target=\"_blank\" rel=\"noreferrer noopener\">https:\/\/www.linkedin.com\/company\/all-for-perfusion<\/a><\/p>\n","protected":false},"excerpt":{"rendered":"<p>ALL FOR PERFUSION GmbHKonrad-Zuse-Ring 14a41179 M\u00f6nchengladbach Represented by:Gesch\u00e4ftsf\u00fchrung:Olaf Sillmann, Sebastian Walter Registered office of the company: 41179 &#8230;<\/p>\n","protected":false},"author":1,"featured_media":396,"parent":0,"menu_order":0,"comment_status":"closed","ping_status":"closed","template":"","meta":{"_acf_changed":false,"footnotes":""},"class_list":["post-281","page","type-page","status-publish","has-post-thumbnail","hentry"],"acf":[],"yoast_head":"<!-- This site is optimized with the Yoast SEO plugin v27.4 - https:\/\/yoast.com\/product\/yoast-seo-wordpress\/ -->\n<title>Site Notice - ALL FOR PERFUSION<\/title>\n<meta name=\"robots\" content=\"index, follow, max-snippet:-1, max-image-preview:large, max-video-preview:-1\" \/>\n<link rel=\"canonical\" href=\"https:\/\/www.allforperfusion.de\/en\/impressum\/\" \/>\n<meta property=\"og:locale\" content=\"en_US\" \/>\n<meta property=\"og:type\" content=\"article\" \/>\n<meta property=\"og:title\" content=\"Site Notice - ALL FOR PERFUSION\" \/>\n<meta property=\"og:description\" content=\"ALL FOR PERFUSION GmbHKonrad-Zuse-Ring 14a41179 M\u00f6nchengladbach Represented by:Gesch\u00e4ftsf\u00fchrung:Olaf Sillmann, Sebastian Walter Registered office of the company: 41179 ...\" \/>\n<meta property=\"og:url\" content=\"https:\/\/www.allforperfusion.de\/en\/impressum\/\" \/>\n<meta property=\"og:site_name\" content=\"ALL FOR PERFUSION\" \/>\n<meta property=\"article:modified_time\" content=\"2024-06-18T13:51:22+00:00\" \/>\n<meta property=\"og:image\" content=\"https:\/\/www.allforperfusion.de\/wp-content\/uploads\/allforperfusion_15.jpg\" \/>\n\t<meta property=\"og:image:width\" content=\"1200\" \/>\n\t<meta property=\"og:image:height\" content=\"800\" \/>\n\t<meta property=\"og:image:type\" content=\"image\/jpeg\" \/>\n<meta name=\"twitter:card\" content=\"summary_large_image\" \/>\n<meta name=\"twitter:label1\" content=\"Est. reading time\" \/>\n\t<meta name=\"twitter:data1\" content=\"1 minute\" \/>\n<script type=\"application\/ld+json\" class=\"yoast-schema-graph\">{\"@context\":\"https:\\\/\\\/schema.org\",\"@graph\":[{\"@type\":\"WebPage\",\"@id\":\"https:\\\/\\\/www.allforperfusion.de\\\/en\\\/impressum\\\/\",\"url\":\"https:\\\/\\\/www.allforperfusion.de\\\/en\\\/impressum\\\/\",\"name\":\"Site Notice - ALL FOR PERFUSION\",\"isPartOf\":{\"@id\":\"https:\\\/\\\/www.allforperfusion.de\\\/#website\"},\"primaryImageOfPage\":{\"@id\":\"https:\\\/\\\/www.allforperfusion.de\\\/en\\\/impressum\\\/#primaryimage\"},\"image\":{\"@id\":\"https:\\\/\\\/www.allforperfusion.de\\\/en\\\/impressum\\\/#primaryimage\"},\"thumbnailUrl\":\"https:\\\/\\\/www.allforperfusion.de\\\/wp-content\\\/uploads\\\/allforperfusion_15.jpg\",\"datePublished\":\"2023-02-01T15:21:33+00:00\",\"dateModified\":\"2024-06-18T13:51:22+00:00\",\"breadcrumb\":{\"@id\":\"https:\\\/\\\/www.allforperfusion.de\\\/en\\\/impressum\\\/#breadcrumb\"},\"inLanguage\":\"en-US\",\"potentialAction\":[{\"@type\":\"ReadAction\",\"target\":[\"https:\\\/\\\/www.allforperfusion.de\\\/en\\\/impressum\\\/\"]}]},{\"@type\":\"ImageObject\",\"inLanguage\":\"en-US\",\"@id\":\"https:\\\/\\\/www.allforperfusion.de\\\/en\\\/impressum\\\/#primaryimage\",\"url\":\"https:\\\/\\\/www.allforperfusion.de\\\/wp-content\\\/uploads\\\/allforperfusion_15.jpg\",\"contentUrl\":\"https:\\\/\\\/www.allforperfusion.de\\\/wp-content\\\/uploads\\\/allforperfusion_15.jpg\",\"width\":1200,\"height\":800,\"caption\":\"ALL FOR PERFUSION\"},{\"@type\":\"BreadcrumbList\",\"@id\":\"https:\\\/\\\/www.allforperfusion.de\\\/en\\\/impressum\\\/#breadcrumb\",\"itemListElement\":[{\"@type\":\"ListItem\",\"position\":1,\"name\":\"Startseite\",\"item\":\"https:\\\/\\\/www.allforperfusion.de\\\/\"},{\"@type\":\"ListItem\",\"position\":2,\"name\":\"Site Notice\"}]},{\"@type\":\"WebSite\",\"@id\":\"https:\\\/\\\/www.allforperfusion.de\\\/#website\",\"url\":\"https:\\\/\\\/www.allforperfusion.de\\\/\",\"name\":\"ALL FOR PERFUSION\",\"description\":\"Perfusion and ECMO services for hospitals\",\"publisher\":{\"@id\":\"https:\\\/\\\/www.allforperfusion.de\\\/#organization\"},\"alternateName\":\"Perfusions-Diensleistungen\",\"potentialAction\":[{\"@type\":\"SearchAction\",\"target\":{\"@type\":\"EntryPoint\",\"urlTemplate\":\"https:\\\/\\\/www.allforperfusion.de\\\/?s={search_term_string}\"},\"query-input\":{\"@type\":\"PropertyValueSpecification\",\"valueRequired\":true,\"valueName\":\"search_term_string\"}}],\"inLanguage\":\"en-US\"},{\"@type\":\"Organization\",\"@id\":\"https:\\\/\\\/www.allforperfusion.de\\\/#organization\",\"name\":\"All for Perfusion\",\"alternateName\":\"A4P\",\"url\":\"https:\\\/\\\/www.allforperfusion.de\\\/\",\"logo\":{\"@type\":\"ImageObject\",\"inLanguage\":\"en-US\",\"@id\":\"https:\\\/\\\/www.allforperfusion.de\\\/#\\\/schema\\\/logo\\\/image\\\/\",\"url\":\"https:\\\/\\\/www.allforperfusion.de\\\/wp-content\\\/uploads\\\/Logo_All_for_perfusion-1.png\",\"contentUrl\":\"https:\\\/\\\/www.allforperfusion.de\\\/wp-content\\\/uploads\\\/Logo_All_for_perfusion-1.png\",\"width\":500,\"height\":238,\"caption\":\"All for Perfusion\"},\"image\":{\"@id\":\"https:\\\/\\\/www.allforperfusion.de\\\/#\\\/schema\\\/logo\\\/image\\\/\"},\"sameAs\":[\"https:\\\/\\\/de.linkedin.com\\\/company\\\/allforperfusion\"]}]}<\/script>\n<!-- \/ Yoast SEO plugin. -->","yoast_head_json":{"title":"Site Notice - ALL FOR PERFUSION","robots":{"index":"index","follow":"follow","max-snippet":"max-snippet:-1","max-image-preview":"max-image-preview:large","max-video-preview":"max-video-preview:-1"},"canonical":"https:\/\/www.allforperfusion.de\/en\/impressum\/","og_locale":"en_US","og_type":"article","og_title":"Site Notice - ALL FOR PERFUSION","og_description":"ALL FOR PERFUSION GmbHKonrad-Zuse-Ring 14a41179 M\u00f6nchengladbach Represented by:Gesch\u00e4ftsf\u00fchrung:Olaf Sillmann, Sebastian Walter Registered office of the company: 41179 ...","og_url":"https:\/\/www.allforperfusion.de\/en\/impressum\/","og_site_name":"ALL FOR PERFUSION","article_modified_time":"2024-06-18T13:51:22+00:00","og_image":[{"width":1200,"height":800,"url":"https:\/\/www.allforperfusion.de\/wp-content\/uploads\/allforperfusion_15.jpg","type":"image\/jpeg"}],"twitter_card":"summary_large_image","twitter_misc":{"Est. reading time":"1 minute"},"schema":{"@context":"https:\/\/schema.org","@graph":[{"@type":"WebPage","@id":"https:\/\/www.allforperfusion.de\/en\/impressum\/","url":"https:\/\/www.allforperfusion.de\/en\/impressum\/","name":"Site Notice - ALL FOR PERFUSION","isPartOf":{"@id":"https:\/\/www.allforperfusion.de\/#website"},"primaryImageOfPage":{"@id":"https:\/\/www.allforperfusion.de\/en\/impressum\/#primaryimage"},"image":{"@id":"https:\/\/www.allforperfusion.de\/en\/impressum\/#primaryimage"},"thumbnailUrl":"https:\/\/www.allforperfusion.de\/wp-content\/uploads\/allforperfusion_15.jpg","datePublished":"2023-02-01T15:21:33+00:00","dateModified":"2024-06-18T13:51:22+00:00","breadcrumb":{"@id":"https:\/\/www.allforperfusion.de\/en\/impressum\/#breadcrumb"},"inLanguage":"en-US","potentialAction":[{"@type":"ReadAction","target":["https:\/\/www.allforperfusion.de\/en\/impressum\/"]}]},{"@type":"ImageObject","inLanguage":"en-US","@id":"https:\/\/www.allforperfusion.de\/en\/impressum\/#primaryimage","url":"https:\/\/www.allforperfusion.de\/wp-content\/uploads\/allforperfusion_15.jpg","contentUrl":"https:\/\/www.allforperfusion.de\/wp-content\/uploads\/allforperfusion_15.jpg","width":1200,"height":800,"caption":"ALL FOR PERFUSION"},{"@type":"BreadcrumbList","@id":"https:\/\/www.allforperfusion.de\/en\/impressum\/#breadcrumb","itemListElement":[{"@type":"ListItem","position":1,"name":"Startseite","item":"https:\/\/www.allforperfusion.de\/"},{"@type":"ListItem","position":2,"name":"Site Notice"}]},{"@type":"WebSite","@id":"https:\/\/www.allforperfusion.de\/#website","url":"https:\/\/www.allforperfusion.de\/","name":"ALL FOR PERFUSION","description":"Perfusion and ECMO services for hospitals","publisher":{"@id":"https:\/\/www.allforperfusion.de\/#organization"},"alternateName":"Perfusions-Diensleistungen","potentialAction":[{"@type":"SearchAction","target":{"@type":"EntryPoint","urlTemplate":"https:\/\/www.allforperfusion.de\/?s={search_term_string}"},"query-input":{"@type":"PropertyValueSpecification","valueRequired":true,"valueName":"search_term_string"}}],"inLanguage":"en-US"},{"@type":"Organization","@id":"https:\/\/www.allforperfusion.de\/#organization","name":"All for Perfusion","alternateName":"A4P","url":"https:\/\/www.allforperfusion.de\/","logo":{"@type":"ImageObject","inLanguage":"en-US","@id":"https:\/\/www.allforperfusion.de\/#\/schema\/logo\/image\/","url":"https:\/\/www.allforperfusion.de\/wp-content\/uploads\/Logo_All_for_perfusion-1.png","contentUrl":"https:\/\/www.allforperfusion.de\/wp-content\/uploads\/Logo_All_for_perfusion-1.png","width":500,"height":238,"caption":"All for Perfusion"},"image":{"@id":"https:\/\/www.allforperfusion.de\/#\/schema\/logo\/image\/"},"sameAs":["https:\/\/de.linkedin.com\/company\/allforperfusion"]}]}},"_links":{"self":[{"href":"https:\/\/www.allforperfusion.de\/en\/wp-json\/wp\/v2\/pages\/281","targetHints":{"allow":["GET"]}}],"collection":[{"href":"https:\/\/www.allforperfusion.de\/en\/wp-json\/wp\/v2\/pages"}],"about":[{"href":"https:\/\/www.allforperfusion.de\/en\/wp-json\/wp\/v2\/types\/page"}],"author":[{"embeddable":true,"href":"https:\/\/www.allforperfusion.de\/en\/wp-json\/wp\/v2\/users\/1"}],"replies":[{"embeddable":true,"href":"https:\/\/www.allforperfusion.de\/en\/wp-json\/wp\/v2\/comments?post=281"}],"version-history":[{"count":9,"href":"https:\/\/www.allforperfusion.de\/en\/wp-json\/wp\/v2\/pages\/281\/revisions"}],"predecessor-version":[{"id":735,"href":"https:\/\/www.allforperfusion.de\/en\/wp-json\/wp\/v2\/pages\/281\/revisions\/735"}],"wp:featuredmedia":[{"embeddable":true,"href":"https:\/\/www.allforperfusion.de\/en\/wp-json\/wp\/v2\/media\/396"}],"wp:attachment":[{"href":"https:\/\/www.allforperfusion.de\/en\/wp-json\/wp\/v2\/media?parent=281"}],"curies":[{"name":"wp","href":"https:\/\/api.w.org\/{rel}","templated":true}]}}